{"id":375,"date":"2020-03-29T13:56:21","date_gmt":"2020-03-29T11:56:21","guid":{"rendered":"http:\/\/www.web2019.di-gregorio.de\/?page_id=375"},"modified":"2022-10-20T14:51:01","modified_gmt":"2022-10-20T12:51:01","slug":"ueber-uns","status":"publish","type":"page","link":"https:\/\/www.di-gregorio.de\/en\/ueber-uns\/","title":{"rendered":"About us"},"content":{"rendered":"<div data-elementor-type=\"wp-page\" data-elementor-id=\"375\" class=\"elementor elementor-375\" data-elementor-post-type=\"page\">\n\t\t\t\t\t\t<section class=\"elementor-section elementor-top-section elementor-element elementor-element-ede8320 elementor-section-boxed elementor-section-height-default elementor-section-height-default\" data-id=\"ede8320\" data-element_type=\"section\">\n\t\t\t\t\t\t<div class=\"elementor-container elementor-column-gap-default\">\n\t\t\t\t\t<div class=\"elementor-column elementor-col-33 elementor-top-column elementor-element elementor-element-9236150\" data-id=\"9236150\" data-element_type=\"column\">\n\t\t\t<div class=\"elementor-widget-wrap elementor-element-populated\">\n\t\t\t\t\t\t<div class=\"elementor-element elementor-element-8eef6d8 elementor-widget elementor-widget-image\" data-id=\"8eef6d8\" data-element_type=\"widget\" data-widget_type=\"image.default\">\n\t\t\t\t<div class=\"elementor-widget-container\">\n\t\t\t\t\t\t\t\t\t\t\t\t\t\t\t<img fetchpriority=\"high\" decoding=\"async\" width=\"577\" height=\"1024\" src=\"https:\/\/www.di-gregorio.de\/wp-content\/uploads\/2020\/05\/CiccioDaniel-577x1024.jpg\" class=\"attachment-large size-large wp-image-839\" alt=\"\" srcset=\"https:\/\/www.di-gregorio.de\/wp-content\/uploads\/2020\/05\/CiccioDaniel-577x1024.jpg 577w, https:\/\/www.di-gregorio.de\/wp-content\/uploads\/2020\/05\/CiccioDaniel-600x1065.jpg 600w, https:\/\/www.di-gregorio.de\/wp-content\/uploads\/2020\/05\/CiccioDaniel-169x300.jpg 169w, https:\/\/www.di-gregorio.de\/wp-content\/uploads\/2020\/05\/CiccioDaniel.jpg 640w\" sizes=\"(max-width: 577px) 100vw, 577px\" \/>\t\t\t\t\t\t\t\t\t\t\t\t\t\t\t<\/div>\n\t\t\t\t<\/div>\n\t\t\t\t<div class=\"elementor-element elementor-element-83c1531 elementor-widget elementor-widget-text-editor\" data-id=\"83c1531\" data-element_type=\"widget\" data-widget_type=\"text-editor.default\">\n\t\t\t\t<div class=\"elementor-widget-container\">\n\t\t\t\t\t\t\t\t\t<p style=\"text-align: left;\">Genie\u00dfen Sie italienisches Essen und Weine in h\u00f6chster Qualit\u00e4t. Wir freuen uns Sie, herzlichst in unserem Restaurant willkommen hei\u00dfen zu d\u00fcrfen.<\/p><p style=\"text-align: center;\">Familie Di Gregorio und das gesamte Team.<\/p>\t\t\t\t\t\t\t\t<\/div>\n\t\t\t\t<\/div>\n\t\t\t\t\t<\/div>\n\t\t<\/div>\n\t\t\t\t<div class=\"elementor-column elementor-col-66 elementor-top-column elementor-element elementor-element-9fe32f6\" data-id=\"9fe32f6\" data-element_type=\"column\">\n\t\t\t<div class=\"elementor-widget-wrap elementor-element-populated\">\n\t\t\t\t\t\t<div class=\"elementor-element elementor-element-78fd07c elementor-invisible elementor-widget elementor-widget-heading\" data-id=\"78fd07c\" data-element_type=\"widget\" data-settings=\"{&quot;_animation&quot;:&quot;bounceIn&quot;}\" data-widget_type=\"heading.default\">\n\t\t\t\t<div class=\"elementor-widget-container\">\n\t\t\t\t\t<h2 class=\"elementor-heading-title elementor-size-default\">Herzlich Willkommen auf der Webseite \nvon Ristorante Di Gregorio in Wiesbaden\n<\/h2>\t\t\t\t<\/div>\n\t\t\t\t<\/div>\n\t\t\t\t<div class=\"elementor-element elementor-element-3c64bc2 elementor-widget elementor-widget-text-editor\" data-id=\"3c64bc2\" data-element_type=\"widget\" data-widget_type=\"text-editor.default\">\n\t\t\t\t<div class=\"elementor-widget-container\">\n\t\t\t\t\t\t\t\t\t<p>Tauchen Sie ein in unser kleines Italien! In unserem Restaurant, in dem bis zu 60 G\u00e4ste Platz finden, verw\u00f6hnen Sie Ciccio und Daniel mit italienischen Spezialit\u00e4ten.<\/p><p>Neben hervorragendem Essen glauben wir fest, dass ein gutes Restaurant von seiner einzigartigen Atmosph\u00e4re lebt. Wir nehmen Sie mit auf eine Reise nach Italien und laden Sie herzlich ein, in unserem \u201eWohnzimmer&#8221; Platz zu nehmen und erleben Italien so, wie wir es als echte Italiener auch kennen: herzlich, gastfreundlich und liebenswert. Als Gast in unserem Restaurant dreht sich f\u00fcr uns alles um Ihr Wohlergehen. Wir kochen nicht f\u00fcr einen Gast, sondern f\u00fcr SIE ganz pers\u00f6nlich! Unser Restaurant ist aus Leidenschaft zur italienischen K\u00fcche entstanden, und das schmecken Sie auch mit jedem Bissen.<\/p><p>Wir m\u00f6chten, dass Sie sich bei uns rundum wohl f\u00fchlen. Wir empfangen Sie im \u201cDi Gregorio\u201c \u00a0in herzlicher und famili\u00e4rer Atmosph\u00e4re und bieten Ihnen eine perfekt abgestimmte feine Speisekarte mit st\u00e4ndig wechselnden italienischen Spezialit\u00e4ten. Im Di Gregorio gibt es daher, je nach Saison, immer etwas Neues zu entdecken. Ciccio lebt f\u00fcr die Kreation neuer Gerichte aus herk\u00f6mmlichen Zutaten, die er stets frisch und regional \/ saisonal einkauft. Auch Sonderw\u00fcnsche bereiten wir f\u00fcr unsere G\u00e4ste mit viel Liebe zu, sprechen Sie uns einfach auf Ihre Vorlieben an!<\/p><p>Wir und unser Team lieben die klassische italienische K\u00fcche, die traditionellen Fisch- und Fleischgerichte, aber verw\u00f6hnen unsere G\u00e4ste auch gerne mit ausgesuchten sizilianischen Spezialit\u00e4ten. Wir wollen Ihnen den Geschmack Italiens, den Duft des S\u00fcdens und das prickelnde Salz des Meeres auf die Zungen zaubern.<br \/>Wir bieten Ihnen ausgesuchte Weine und gen\u00fcgend Platz f\u00fcr Familienfeiern und Gesch\u00e4ftsessen.<\/p><p>F\u00fchlen Sie sich wie zu Hause! Wir m\u00f6chten Sie verw\u00f6hnen.<\/p>\t\t\t\t\t\t\t\t<\/div>\n\t\t\t\t<\/div>\n\t\t\t\t\t<\/div>\n\t\t<\/div>\n\t\t\t\t\t<\/div>\n\t\t<\/section>\n\t\t\t\t<section class=\"elementor-section elementor-top-section elementor-element elementor-element-6fc1d70 elementor-section-boxed elementor-section-height-default elementor-section-height-default\" data-id=\"6fc1d70\" data-element_type=\"section\">\n\t\t\t\t\t\t<div class=\"elementor-container elementor-column-gap-default\">\n\t\t\t\t\t<div class=\"elementor-column elementor-col-100 elementor-top-column elementor-element elementor-element-1922add1\" data-id=\"1922add1\" data-element_type=\"column\">\n\t\t\t<div class=\"elementor-widget-wrap elementor-element-populated\">\n\t\t\t\t\t\t<div class=\"elementor-element elementor-element-cd54d92 elementor-widget-divider--view-line elementor-widget elementor-widget-divider\" data-id=\"cd54d92\" data-element_type=\"widget\" data-widget_type=\"divider.default\">\n\t\t\t\t<div class=\"elementor-widget-container\">\n\t\t\t\t\t\t\t<div class=\"elementor-divider\">\n\t\t\t<span class=\"elementor-divider-separator\">\n\t\t\t\t\t\t<\/span>\n\t\t<\/div>\n\t\t\t\t\t\t<\/div>\n\t\t\t\t<\/div>\n\t\t\t\t\t<\/div>\n\t\t<\/div>\n\t\t\t\t\t<\/div>\n\t\t<\/section>\n\t\t\t\t<section class=\"elementor-section elementor-top-section elementor-element elementor-element-6bf3b72a elementor-section-boxed elementor-section-height-default elementor-section-height-default\" data-id=\"6bf3b72a\" data-element_type=\"section\" id=\"find\" data-settings=\"{&quot;background_background&quot;:&quot;classic&quot;}\">\n\t\t\t\t\t\t<div class=\"elementor-container elementor-column-gap-no\">\n\t\t\t\t\t<div class=\"elementor-column elementor-col-100 elementor-top-column elementor-element elementor-element-4cae9bc4\" data-id=\"4cae9bc4\" data-element_type=\"column\">\n\t\t\t<div class=\"elementor-widget-wrap elementor-element-populated\">\n\t\t\t\t\t\t<div class=\"elementor-element elementor-element-5f3ca475 no-margin elementor-widget elementor-widget-heading\" data-id=\"5f3ca475\" data-element_type=\"widget\" data-widget_type=\"heading.default\">\n\t\t\t\t<div class=\"elementor-widget-container\">\n\t\t\t\t\t<h2 class=\"elementor-heading-title elementor-size-default\">How to find us<\/h2>\t\t\t\t<\/div>\n\t\t\t\t<\/div>\n\t\t\t\t<div class=\"elementor-element elementor-element-1140ddd3 elementor-widget-divider--view-line elementor-widget elementor-widget-divider\" data-id=\"1140ddd3\" data-element_type=\"widget\" data-widget_type=\"divider.default\">\n\t\t\t\t<div class=\"elementor-widget-container\">\n\t\t\t\t\t\t\t<div class=\"elementor-divider\">\n\t\t\t<span class=\"elementor-divider-separator\">\n\t\t\t\t\t\t<\/span>\n\t\t<\/div>\n\t\t\t\t\t\t<\/div>\n\t\t\t\t<\/div>\n\t\t\t\t<section class=\"elementor-section elementor-inner-section elementor-element elementor-element-7f73a6c0 elementor-section-boxed elementor-section-height-default elementor-section-height-default\" data-id=\"7f73a6c0\" data-element_type=\"section\">\n\t\t\t\t\t\t<div class=\"elementor-container elementor-column-gap-default\">\n\t\t\t\t\t<div class=\"elementor-column elementor-col-33 elementor-inner-column elementor-element elementor-element-7c795bce\" data-id=\"7c795bce\" data-element_type=\"column\">\n\t\t\t<div class=\"elementor-widget-wrap elementor-element-populated\">\n\t\t\t\t\t\t<div class=\"elementor-element elementor-element-6dbaf1af elementor-view-framed elementor-shape-circle elementor-position-top elementor-mobile-position-top elementor-widget elementor-widget-icon-box\" data-id=\"6dbaf1af\" data-element_type=\"widget\" data-widget_type=\"icon-box.default\">\n\t\t\t\t<div class=\"elementor-widget-container\">\n\t\t\t\t\t\t\t<div class=\"elementor-icon-box-wrapper\">\n\n\t\t\t\t\t\t<div class=\"elementor-icon-box-icon\">\n\t\t\t\t<a href=\"https:\/\/www.google.de\/maps\/place\/Di+Gregorio\/@50.07632,8.2169911,13z\/data=!4m5!3m4!1s0x47bdbdc2633bdff7:0xa4131f5eb494ddd4!8m2!3d50.07632!4d8.25201\" target=\"_blank\" class=\"elementor-icon elementor-animation-\" tabindex=\"-1\">\n\t\t\t\t<i aria-hidden=\"true\" class=\"fas fa-map-marker-alt\"><\/i>\t\t\t\t<\/a>\n\t\t\t<\/div>\n\t\t\t\n\t\t\t\t\t\t<div class=\"elementor-icon-box-content\">\n\n\t\t\t\t\t\t\t\t\t<h3 class=\"elementor-icon-box-title\">\n\t\t\t\t\t\t<a href=\"https:\/\/www.google.de\/maps\/place\/Di+Gregorio\/@50.07632,8.2169911,13z\/data=!4m5!3m4!1s0x47bdbdc2633bdff7:0xa4131f5eb494ddd4!8m2!3d50.07632!4d8.25201\" target=\"_blank\" >\n\t\t\t\t\t\t\tAddress\t\t\t\t\t\t<\/a>\n\t\t\t\t\t<\/h3>\n\t\t\t\t\n\t\t\t\t\t\t\t\t\t<p class=\"elementor-icon-box-description\">\n\t\t\t\t\t\tFrankfurter Str. 36<br>65189 Wiesbaden\t\t\t\t\t<\/p>\n\t\t\t\t\n\t\t\t<\/div>\n\t\t\t\n\t\t<\/div>\n\t\t\t\t\t\t<\/div>\n\t\t\t\t<\/div>\n\t\t\t\t\t<\/div>\n\t\t<\/div>\n\t\t\t\t<div class=\"elementor-column elementor-col-33 elementor-inner-column elementor-element elementor-element-42ff9583\" data-id=\"42ff9583\" data-element_type=\"column\">\n\t\t\t<div class=\"elementor-widget-wrap elementor-element-populated\">\n\t\t\t\t\t\t<div class=\"elementor-element elementor-element-378a2960 elementor-view-framed elementor-shape-circle elementor-position-top elementor-mobile-position-top elementor-widget elementor-widget-icon-box\" data-id=\"378a2960\" data-element_type=\"widget\" data-widget_type=\"icon-box.default\">\n\t\t\t\t<div class=\"elementor-widget-container\">\n\t\t\t\t\t\t\t<div class=\"elementor-icon-box-wrapper\">\n\n\t\t\t\t\t\t<div class=\"elementor-icon-box-icon\">\n\t\t\t\t<a href=\"#Lieferservice\" class=\"elementor-icon elementor-animation-\" tabindex=\"-1\">\n\t\t\t\t<i aria-hidden=\"true\" class=\"far fa-clock\"><\/i>\t\t\t\t<\/a>\n\t\t\t<\/div>\n\t\t\t\n\t\t\t\t\t\t<div class=\"elementor-icon-box-content\">\n\n\t\t\t\t\t\t\t\t\t<h3 class=\"elementor-icon-box-title\">\n\t\t\t\t\t\t<a href=\"#Lieferservice\" >\n\t\t\t\t\t\t\tLiefer-und Abholzeiten\t\t\t\t\t\t<\/a>\n\t\t\t\t\t<\/h3>\n\t\t\t\t\n\t\t\t\t\t\t\t\t\t<p class=\"elementor-icon-box-description\">\n\t\t\t\t\t\tMonday - Saturday 11:30 - 14:30<br>\nund 18.00 - 22.30 Uhr <br>     \n<b>Sunday closed<\/b>\t\t\t\t\t<\/p>\n\t\t\t\t\n\t\t\t<\/div>\n\t\t\t\n\t\t<\/div>\n\t\t\t\t\t\t<\/div>\n\t\t\t\t<\/div>\n\t\t\t\t\t<\/div>\n\t\t<\/div>\n\t\t\t\t<div class=\"elementor-column elementor-col-33 elementor-inner-column elementor-element elementor-element-3e50f6c6\" data-id=\"3e50f6c6\" data-element_type=\"column\">\n\t\t\t<div class=\"elementor-widget-wrap elementor-element-populated\">\n\t\t\t\t\t\t<div class=\"elementor-element elementor-element-5521d8c elementor-view-framed elementor-shape-circle elementor-position-top elementor-mobile-position-top elementor-widget elementor-widget-icon-box\" data-id=\"5521d8c\" data-element_type=\"widget\" data-widget_type=\"icon-box.default\">\n\t\t\t\t<div class=\"elementor-widget-container\">\n\t\t\t\t\t\t\t<div class=\"elementor-icon-box-wrapper\">\n\n\t\t\t\t\t\t<div class=\"elementor-icon-box-icon\">\n\t\t\t\t<a href=\"mailto:reservierung@di-gregorio.de\" class=\"elementor-icon elementor-animation-\" tabindex=\"-1\">\n\t\t\t\t<i aria-hidden=\"true\" class=\"far fa-comment-dots\"><\/i>\t\t\t\t<\/a>\n\t\t\t<\/div>\n\t\t\t\n\t\t\t\t\t\t<div class=\"elementor-icon-box-content\">\n\n\t\t\t\t\t\t\t\t\t<h3 class=\"elementor-icon-box-title\">\n\t\t\t\t\t\t<a href=\"mailto:reservierung@di-gregorio.de\" >\n\t\t\t\t\t\t\tContact\t\t\t\t\t\t<\/a>\n\t\t\t\t\t<\/h3>\n\t\t\t\t\n\t\t\t\t\t\t\t\t\t<p class=\"elementor-icon-box-description\">\n\t\t\t\t\t\tYou can reach us within the opening hours<br>under the following phone number<br>0611 \/ 375 71 77<br>or by mail: <a href=\"mailto:reservierung@di-gregorio.de\">reservierung@di-gregorio.de<\/a>\t\t\t\t\t<\/p>\n\t\t\t\t\n\t\t\t<\/div>\n\t\t\t\n\t\t<\/div>\n\t\t\t\t\t\t<\/div>\n\t\t\t\t<\/div>\n\t\t\t\t\t<\/div>\n\t\t<\/div>\n\t\t\t\t\t<\/div>\n\t\t<\/section>\n\t\t\t\t\t<\/div>\n\t\t<\/div>\n\t\t\t\t\t<\/div>\n\t\t<\/section>\n\t\t\t\t<section class=\"elementor-section elementor-top-section elementor-element elementor-element-37aee7ff elementor-section-boxed elementor-section-height-default elementor-section-height-default\" data-id=\"37aee7ff\" data-element_type=\"section\">\n\t\t\t\t\t\t<div class=\"elementor-container elementor-column-gap-default\">\n\t\t\t\t\t<div class=\"elementor-column elementor-col-100 elementor-top-column elementor-element elementor-element-da5377\" data-id=\"da5377\" data-element_type=\"column\">\n\t\t\t<div class=\"elementor-widget-wrap elementor-element-populated\">\n\t\t\t\t\t\t<div class=\"elementor-element elementor-element-5645152f elementor-widget elementor-widget-text-editor\" data-id=\"5645152f\" data-element_type=\"widget\" data-widget_type=\"text-editor.default\">\n\t\t\t\t<div class=\"elementor-widget-container\">\n\t\t\t\t\t\t\t\t\t<p style=\"text-align: right;\"><a href=\"https:\/\/www.di-gregorio.de\/en\/impressum\/\">Impressum<\/a> &#8211; <a href=\"https:\/\/www.di-gregorio.de\/en\/datenschutzerklaerung\/\">Datenschutzerkl\u00e4rung<\/a><\/p>\t\t\t\t\t\t\t\t<\/div>\n\t\t\t\t<\/div>\n\t\t\t\t\t<\/div>\n\t\t<\/div>\n\t\t\t\t\t<\/div>\n\t\t<\/section>\n\t\t\t\t<\/div>","protected":false},"excerpt":{"rendered":"<p>Genie\u00dfen Sie italienisches Essen und Weine in h\u00f6chster Qualit\u00e4t. Wir freuen uns Sie, herzlichst in unserem Restaurant willkommen hei\u00dfen zu d\u00fcrfen. Familie Di Gregorio und das gesamte Team. Herzlich Willkommen auf der Webseite von Ristorante Di Gregorio in Wiesbaden Tauchen Sie ein in unser kleines Italien! In unserem Restaurant, in dem bis zu 60 G\u00e4ste [&hellip;]<\/p>","protected":false},"author":1,"featured_media":0,"parent":0,"menu_order":0,"comment_status":"closed","ping_status":"closed","template":"","meta":{"footnotes":""},"class_list":["post-375","page","type-page","status-publish","hentry","entry"],"yoast_head":"<!-- This site is optimized with the Yoast SEO plugin v25.3.1 - https:\/\/yoast.com\/wordpress\/plugins\/seo\/ -->\n<title>\u00dcber uns - Ristorante Di Gregorio Classico Wiesbaden<\/title>\n<meta name=\"description\" content=\"Genie\u00dfen Sie italienisches Essen und Weine in h\u00f6chster Qualit\u00e4t. In unserem Restaurant, in dem bis zu 60 G\u00e4ste Platz finden, verw\u00f6hnen Sie Ciccio und Daniel mit italienischen Spezialit\u00e4ten.\" \/>\n<meta name=\"robots\" content=\"index, follow, max-snippet:-1, max-image-preview:large, max-video-preview:-1\" \/>\n<link rel=\"canonical\" href=\"https:\/\/www.di-gregorio.de\/en\/ueber-uns\/\" \/>\n<meta property=\"og:locale\" content=\"en_GB\" \/>\n<meta property=\"og:type\" content=\"article\" \/>\n<meta property=\"og:title\" content=\"\u00dcber uns - Ristorante Di Gregorio Classico Wiesbaden\" \/>\n<meta property=\"og:description\" content=\"Genie\u00dfen Sie italienisches Essen und Weine in h\u00f6chster Qualit\u00e4t. In unserem Restaurant, in dem bis zu 60 G\u00e4ste Platz finden, verw\u00f6hnen Sie Ciccio und Daniel mit italienischen Spezialit\u00e4ten.\" \/>\n<meta property=\"og:url\" content=\"https:\/\/www.di-gregorio.de\/en\/ueber-uns\/\" \/>\n<meta property=\"og:site_name\" content=\"Ristorante Di Gregorio Classico Wiesbaden\" \/>\n<meta property=\"article:modified_time\" content=\"2022-10-20T12:51:01+00:00\" \/>\n<meta property=\"og:image\" content=\"https:\/\/www.di-gregorio.de\/wp-content\/uploads\/2020\/05\/CiccioDaniel-577x1024.jpg\" \/>\n<meta name=\"twitter:card\" content=\"summary_large_image\" \/>\n<meta name=\"twitter:label1\" content=\"Estimated reading time\" \/>\n\t<meta name=\"twitter:data1\" content=\"3 minutes\" \/>\n<script type=\"application\/ld+json\" class=\"yoast-schema-graph\">{\"@context\":\"https:\/\/schema.org\",\"@graph\":[{\"@type\":\"WebPage\",\"@id\":\"https:\/\/www.di-gregorio.de\/ueber-uns\/\",\"url\":\"https:\/\/www.di-gregorio.de\/ueber-uns\/\",\"name\":\"\u00dcber uns - Ristorante Di Gregorio Classico Wiesbaden\",\"isPartOf\":{\"@id\":\"https:\/\/www.di-gregorio.de\/#website\"},\"primaryImageOfPage\":{\"@id\":\"https:\/\/www.di-gregorio.de\/ueber-uns\/#primaryimage\"},\"image\":{\"@id\":\"https:\/\/www.di-gregorio.de\/ueber-uns\/#primaryimage\"},\"thumbnailUrl\":\"https:\/\/www.di-gregorio.de\/wp-content\/uploads\/2020\/05\/CiccioDaniel-577x1024.jpg\",\"datePublished\":\"2020-03-29T11:56:21+00:00\",\"dateModified\":\"2022-10-20T12:51:01+00:00\",\"description\":\"Genie\u00dfen Sie italienisches Essen und Weine in h\u00f6chster Qualit\u00e4t. In unserem Restaurant, in dem bis zu 60 G\u00e4ste Platz finden, verw\u00f6hnen Sie Ciccio und Daniel mit italienischen Spezialit\u00e4ten.\",\"breadcrumb\":{\"@id\":\"https:\/\/www.di-gregorio.de\/ueber-uns\/#breadcrumb\"},\"inLanguage\":\"en-GB\",\"potentialAction\":[{\"@type\":\"ReadAction\",\"target\":[\"https:\/\/www.di-gregorio.de\/ueber-uns\/\"]}]},{\"@type\":\"ImageObject\",\"inLanguage\":\"en-GB\",\"@id\":\"https:\/\/www.di-gregorio.de\/ueber-uns\/#primaryimage\",\"url\":\"https:\/\/www.di-gregorio.de\/wp-content\/uploads\/2020\/05\/CiccioDaniel-577x1024.jpg\",\"contentUrl\":\"https:\/\/www.di-gregorio.de\/wp-content\/uploads\/2020\/05\/CiccioDaniel-577x1024.jpg\"},{\"@type\":\"BreadcrumbList\",\"@id\":\"https:\/\/www.di-gregorio.de\/ueber-uns\/#breadcrumb\",\"itemListElement\":[{\"@type\":\"ListItem\",\"position\":1,\"name\":\"Startseite\",\"item\":\"https:\/\/www.di-gregorio.de\/\"},{\"@type\":\"ListItem\",\"position\":2,\"name\":\"\u00dcber uns\"}]},{\"@type\":\"WebSite\",\"@id\":\"https:\/\/www.di-gregorio.de\/#website\",\"url\":\"https:\/\/www.di-gregorio.de\/\",\"name\":\"Ristorante Di Gregorio Classico Wiesbaden\",\"description\":\"\",\"publisher\":{\"@id\":\"https:\/\/www.di-gregorio.de\/#organization\"},\"potentialAction\":[{\"@type\":\"SearchAction\",\"target\":{\"@type\":\"EntryPoint\",\"urlTemplate\":\"https:\/\/www.di-gregorio.de\/?s={search_term_string}\"},\"query-input\":{\"@type\":\"PropertyValueSpecification\",\"valueRequired\":true,\"valueName\":\"search_term_string\"}}],\"inLanguage\":\"en-GB\"},{\"@type\":\"Organization\",\"@id\":\"https:\/\/www.di-gregorio.de\/#organization\",\"name\":\"Ristorante Di Gregorio\",\"url\":\"https:\/\/www.di-gregorio.de\/\",\"logo\":{\"@type\":\"ImageObject\",\"inLanguage\":\"en-GB\",\"@id\":\"https:\/\/www.di-gregorio.de\/#\/schema\/logo\/image\/\",\"url\":\"https:\/\/www.di-gregorio.de\/wp-content\/uploads\/2020\/03\/Logo_gross.png\",\"contentUrl\":\"https:\/\/www.di-gregorio.de\/wp-content\/uploads\/2020\/03\/Logo_gross.png\",\"width\":444,\"height\":208,\"caption\":\"Ristorante Di Gregorio\"},\"image\":{\"@id\":\"https:\/\/www.di-gregorio.de\/#\/schema\/logo\/image\/\"}}]}<\/script>\n<!-- \/ Yoast SEO plugin. -->","yoast_head_json":{"title":"\u00dcber uns - Ristorante Di Gregorio Classico Wiesbaden","description":"Genie\u00dfen Sie italienisches Essen und Weine in h\u00f6chster Qualit\u00e4t. In unserem Restaurant, in dem bis zu 60 G\u00e4ste Platz finden, verw\u00f6hnen Sie Ciccio und Daniel mit italienischen Spezialit\u00e4ten.","robots":{"index":"index","follow":"follow","max-snippet":"max-snippet:-1","max-image-preview":"max-image-preview:large","max-video-preview":"max-video-preview:-1"},"canonical":"https:\/\/www.di-gregorio.de\/en\/ueber-uns\/","og_locale":"en_GB","og_type":"article","og_title":"\u00dcber uns - Ristorante Di Gregorio Classico Wiesbaden","og_description":"Genie\u00dfen Sie italienisches Essen und Weine in h\u00f6chster Qualit\u00e4t. In unserem Restaurant, in dem bis zu 60 G\u00e4ste Platz finden, verw\u00f6hnen Sie Ciccio und Daniel mit italienischen Spezialit\u00e4ten.","og_url":"https:\/\/www.di-gregorio.de\/en\/ueber-uns\/","og_site_name":"Ristorante Di Gregorio Classico Wiesbaden","article_modified_time":"2022-10-20T12:51:01+00:00","og_image":[{"url":"https:\/\/www.di-gregorio.de\/wp-content\/uploads\/2020\/05\/CiccioDaniel-577x1024.jpg","type":"","width":"","height":""}],"twitter_card":"summary_large_image","twitter_misc":{"Estimated reading time":"3 minutes"},"schema":{"@context":"https:\/\/schema.org","@graph":[{"@type":"WebPage","@id":"https:\/\/www.di-gregorio.de\/ueber-uns\/","url":"https:\/\/www.di-gregorio.de\/ueber-uns\/","name":"\u00dcber uns - Ristorante Di Gregorio Classico Wiesbaden","isPartOf":{"@id":"https:\/\/www.di-gregorio.de\/#website"},"primaryImageOfPage":{"@id":"https:\/\/www.di-gregorio.de\/ueber-uns\/#primaryimage"},"image":{"@id":"https:\/\/www.di-gregorio.de\/ueber-uns\/#primaryimage"},"thumbnailUrl":"https:\/\/www.di-gregorio.de\/wp-content\/uploads\/2020\/05\/CiccioDaniel-577x1024.jpg","datePublished":"2020-03-29T11:56:21+00:00","dateModified":"2022-10-20T12:51:01+00:00","description":"Genie\u00dfen Sie italienisches Essen und Weine in h\u00f6chster Qualit\u00e4t. In unserem Restaurant, in dem bis zu 60 G\u00e4ste Platz finden, verw\u00f6hnen Sie Ciccio und Daniel mit italienischen Spezialit\u00e4ten.","breadcrumb":{"@id":"https:\/\/www.di-gregorio.de\/ueber-uns\/#breadcrumb"},"inLanguage":"en-GB","potentialAction":[{"@type":"ReadAction","target":["https:\/\/www.di-gregorio.de\/ueber-uns\/"]}]},{"@type":"ImageObject","inLanguage":"en-GB","@id":"https:\/\/www.di-gregorio.de\/ueber-uns\/#primaryimage","url":"https:\/\/www.di-gregorio.de\/wp-content\/uploads\/2020\/05\/CiccioDaniel-577x1024.jpg","contentUrl":"https:\/\/www.di-gregorio.de\/wp-content\/uploads\/2020\/05\/CiccioDaniel-577x1024.jpg"},{"@type":"BreadcrumbList","@id":"https:\/\/www.di-gregorio.de\/ueber-uns\/#breadcrumb","itemListElement":[{"@type":"ListItem","position":1,"name":"Startseite","item":"https:\/\/www.di-gregorio.de\/"},{"@type":"ListItem","position":2,"name":"\u00dcber uns"}]},{"@type":"WebSite","@id":"https:\/\/www.di-gregorio.de\/#website","url":"https:\/\/www.di-gregorio.de\/","name":"Ristorante Di Gregorio Classico Wiesbaden","description":"","publisher":{"@id":"https:\/\/www.di-gregorio.de\/#organization"},"potentialAction":[{"@type":"SearchAction","target":{"@type":"EntryPoint","urlTemplate":"https:\/\/www.di-gregorio.de\/?s={search_term_string}"},"query-input":{"@type":"PropertyValueSpecification","valueRequired":true,"valueName":"search_term_string"}}],"inLanguage":"en-GB"},{"@type":"Organization","@id":"https:\/\/www.di-gregorio.de\/#organization","name":"Ristorante Di Gregorio","url":"https:\/\/www.di-gregorio.de\/","logo":{"@type":"ImageObject","inLanguage":"en-GB","@id":"https:\/\/www.di-gregorio.de\/#\/schema\/logo\/image\/","url":"https:\/\/www.di-gregorio.de\/wp-content\/uploads\/2020\/03\/Logo_gross.png","contentUrl":"https:\/\/www.di-gregorio.de\/wp-content\/uploads\/2020\/03\/Logo_gross.png","width":444,"height":208,"caption":"Ristorante Di Gregorio"},"image":{"@id":"https:\/\/www.di-gregorio.de\/#\/schema\/logo\/image\/"}}]}},"jetpack_sharing_enabled":true,"_links":{"self":[{"href":"https:\/\/www.di-gregorio.de\/en\/wp-json\/wp\/v2\/pages\/375","targetHints":{"allow":["GET"]}}],"collection":[{"href":"https:\/\/www.di-gregorio.de\/en\/wp-json\/wp\/v2\/pages"}],"about":[{"href":"https:\/\/www.di-gregorio.de\/en\/wp-json\/wp\/v2\/types\/page"}],"author":[{"embeddable":true,"href":"https:\/\/www.di-gregorio.de\/en\/wp-json\/wp\/v2\/users\/1"}],"replies":[{"embeddable":true,"href":"https:\/\/www.di-gregorio.de\/en\/wp-json\/wp\/v2\/comments?post=375"}],"version-history":[{"count":24,"href":"https:\/\/www.di-gregorio.de\/en\/wp-json\/wp\/v2\/pages\/375\/revisions"}],"predecessor-version":[{"id":3686,"href":"https:\/\/www.di-gregorio.de\/en\/wp-json\/wp\/v2\/pages\/375\/revisions\/3686"}],"wp:attachment":[{"href":"https:\/\/www.di-gregorio.de\/en\/wp-json\/wp\/v2\/media?parent=375"}],"curies":[{"name":"wp","href":"https:\/\/api.w.org\/{rel}","templated":true}]}}