{"id":288,"date":"2020-03-29T10:38:33","date_gmt":"2020-03-29T08:38:33","guid":{"rendered":"http:\/\/www.web2019.di-gregorio.de\/?page_id=288"},"modified":"2025-07-24T22:03:44","modified_gmt":"2025-07-24T20:03:44","slug":"impressum","status":"publish","type":"page","link":"https:\/\/www.di-gregorio.de\/en\/impressum\/","title":{"rendered":"Impressum"},"content":{"rendered":"<div data-elementor-type=\"wp-page\" data-elementor-id=\"288\" class=\"elementor elementor-288\" data-elementor-post-type=\"page\">\n\t\t\t\t\t\t<section class=\"elementor-section elementor-top-section elementor-element elementor-element-7f53522b elementor-section-boxed elementor-section-height-default elementor-section-height-default\" data-id=\"7f53522b\" data-element_type=\"section\">\n\t\t\t\t\t\t<div class=\"elementor-container elementor-column-gap-default\">\n\t\t\t\t\t<div class=\"elementor-column elementor-col-100 elementor-top-column elementor-element elementor-element-207bf685\" data-id=\"207bf685\" data-element_type=\"column\">\n\t\t\t<div class=\"elementor-widget-wrap elementor-element-populated\">\n\t\t\t\t\t\t<div class=\"elementor-element elementor-element-66f535c6 elementor-widget elementor-widget-text-editor\" data-id=\"66f535c6\" data-element_type=\"widget\" data-widget_type=\"text-editor.default\">\n\t\t\t\t<div class=\"elementor-widget-container\">\n\t\t\t\t\t\t\t\t\t<p>Daniel Di Gregorio<br \/>Ristorante Casa Di Gregorio<br \/>Frankfurter Str. 36<br \/>65189 Wiesbaden<\/p><h2>Contact<\/h2><p>Telefon: +49 611 3757177<br \/>E-Mail: info@di-gregorio.de<\/p><h2>Verbraucher\u00adstreit\u00adbeilegung\/Universal\u00adschlichtungs\u00adstelle<\/h2><p>Wir sind nicht bereit oder verpflichtet, an Streitbeilegungsverfahren vor einer Verbraucherschlichtungsstelle teilzunehmen.<\/p><h3>Haftung f\u00fcr Links<\/h3><p>Unser Angebot enth\u00e4lt Links zu externen Websites Dritter, auf deren Inhalte wir keinen Einfluss haben. Deshalb k\u00f6nnen wir f\u00fcr diese fremden Inhalte auch keine Gew\u00e4hr \u00fcbernehmen. F\u00fcr die Inhalte der verlinkten Seiten ist stets der jeweilige Anbieter oder Betreiber der Seiten verantwortlich. Die verlinkten Seiten wurden zum Zeitpunkt der Verlinkung auf m\u00f6gliche Rechtsverst\u00f6\u00dfe \u00fcberpr\u00fcft. Rechtswidrige Inhalte waren zum Zeitpunkt der Verlinkung nicht erkennbar.<\/p><p>Eine permanente inhaltliche Kontrolle der verlinkten Seiten ist jedoch ohne konkrete Anhaltspunkte einer Rechtsverletzung nicht zumutbar. Bei Bekanntwerden von Rechtsverletzungen werden wir derartige Links umgehend entfernen.<\/p><h3>Urheberrecht<\/h3><p>Die durch die Seitenbetreiber erstellten Inhalte und Werke auf diesen Seiten unterliegen dem deutschen Urheberrecht. Die Vervielf\u00e4ltigung, Bearbeitung, Verbreitung und jede Art der Verwertung au\u00dferhalb der Grenzen des Urheberrechtes bed\u00fcrfen der schriftlichen Zustimmung des jeweiligen Autors bzw. Erstellers. Downloads und Kopien dieser Seite sind nur f\u00fcr den privaten, nicht kommerziellen Gebrauch gestattet.<\/p><p>Soweit die Inhalte auf dieser Seite nicht vom Betreiber erstellt wurden, werden die Urheberrechte Dritter beachtet. Insbesondere werden Inhalte Dritter als solche gekennzeichnet. Sollten Sie trotzdem auf eine Urheberrechtsverletzung aufmerksam werden, bitten wir um einen entsprechenden Hinweis. Bei Bekanntwerden von Rechtsverletzungen werden wir derartige Inhalte umgehend entfernen.<\/p>\t\t\t\t\t\t\t\t<\/div>\n\t\t\t\t<\/div>\n\t\t\t\t\t<\/div>\n\t\t<\/div>\n\t\t\t\t\t<\/div>\n\t\t<\/section>\n\t\t\t\t<section class=\"elementor-section elementor-top-section elementor-element elementor-element-1af8858 elementor-section-boxed elementor-section-height-default elementor-section-height-default\" data-id=\"1af8858\" data-element_type=\"section\">\n\t\t\t\t\t\t<div class=\"elementor-container elementor-column-gap-default\">\n\t\t\t\t\t<div class=\"elementor-column elementor-col-100 elementor-top-column elementor-element elementor-element-2472cc48\" data-id=\"2472cc48\" data-element_type=\"column\">\n\t\t\t<div class=\"elementor-widget-wrap elementor-element-populated\">\n\t\t\t\t\t\t<div class=\"elementor-element elementor-element-7f5c5277 elementor-widget-divider--view-line elementor-widget elementor-widget-divider\" data-id=\"7f5c5277\" data-element_type=\"widget\" data-widget_type=\"divider.default\">\n\t\t\t\t<div class=\"elementor-widget-container\">\n\t\t\t\t\t\t\t<div class=\"elementor-divider\">\n\t\t\t<span class=\"elementor-divider-separator\">\n\t\t\t\t\t\t<\/span>\n\t\t<\/div>\n\t\t\t\t\t\t<\/div>\n\t\t\t\t<\/div>\n\t\t\t\t\t<\/div>\n\t\t<\/div>\n\t\t\t\t\t<\/div>\n\t\t<\/section>\n\t\t\t\t<section class=\"elementor-section elementor-top-section elementor-element elementor-element-3e023f3b elementor-section-boxed elementor-section-height-default elementor-section-height-default\" data-id=\"3e023f3b\" data-element_type=\"section\" id=\"find\" data-settings=\"{&quot;background_background&quot;:&quot;classic&quot;}\">\n\t\t\t\t\t\t<div class=\"elementor-container elementor-column-gap-no\">\n\t\t\t\t\t<div class=\"elementor-column elementor-col-100 elementor-top-column elementor-element elementor-element-4ac6464b\" data-id=\"4ac6464b\" data-element_type=\"column\">\n\t\t\t<div class=\"elementor-widget-wrap elementor-element-populated\">\n\t\t\t\t\t\t<div class=\"elementor-element elementor-element-1d6e0a85 no-margin elementor-widget elementor-widget-heading\" data-id=\"1d6e0a85\" data-element_type=\"widget\" data-widget_type=\"heading.default\">\n\t\t\t\t<div class=\"elementor-widget-container\">\n\t\t\t\t\t<h2 class=\"elementor-heading-title elementor-size-default\">How to find us<\/h2>\t\t\t\t<\/div>\n\t\t\t\t<\/div>\n\t\t\t\t<div class=\"elementor-element elementor-element-1d0f7f8f elementor-widget-divider--view-line elementor-widget elementor-widget-divider\" data-id=\"1d0f7f8f\" data-element_type=\"widget\" data-widget_type=\"divider.default\">\n\t\t\t\t<div class=\"elementor-widget-container\">\n\t\t\t\t\t\t\t<div class=\"elementor-divider\">\n\t\t\t<span class=\"elementor-divider-separator\">\n\t\t\t\t\t\t<\/span>\n\t\t<\/div>\n\t\t\t\t\t\t<\/div>\n\t\t\t\t<\/div>\n\t\t\t\t<section class=\"elementor-section elementor-inner-section elementor-element elementor-element-499f37b0 elementor-section-boxed elementor-section-height-default elementor-section-height-default\" data-id=\"499f37b0\" data-element_type=\"section\">\n\t\t\t\t\t\t<div class=\"elementor-container elementor-column-gap-default\">\n\t\t\t\t\t<div class=\"elementor-column elementor-col-33 elementor-inner-column elementor-element elementor-element-45eb6fcb\" data-id=\"45eb6fcb\" data-element_type=\"column\">\n\t\t\t<div class=\"elementor-widget-wrap elementor-element-populated\">\n\t\t\t\t\t\t<div class=\"elementor-element elementor-element-61f144af elementor-view-framed elementor-shape-circle elementor-position-top elementor-mobile-position-top elementor-widget elementor-widget-icon-box\" data-id=\"61f144af\" data-element_type=\"widget\" data-widget_type=\"icon-box.default\">\n\t\t\t\t<div class=\"elementor-widget-container\">\n\t\t\t\t\t\t\t<div class=\"elementor-icon-box-wrapper\">\n\n\t\t\t\t\t\t<div class=\"elementor-icon-box-icon\">\n\t\t\t\t<a href=\"https:\/\/www.google.de\/maps\/place\/Di+Gregorio\/@50.07632,8.2169911,13z\/data=!4m5!3m4!1s0x47bdbdc2633bdff7:0xa4131f5eb494ddd4!8m2!3d50.07632!4d8.25201\" target=\"_blank\" class=\"elementor-icon elementor-animation-\" tabindex=\"-1\">\n\t\t\t\t<i aria-hidden=\"true\" class=\"fas fa-map-marker-alt\"><\/i>\t\t\t\t<\/a>\n\t\t\t<\/div>\n\t\t\t\n\t\t\t\t\t\t<div class=\"elementor-icon-box-content\">\n\n\t\t\t\t\t\t\t\t\t<h3 class=\"elementor-icon-box-title\">\n\t\t\t\t\t\t<a href=\"https:\/\/www.google.de\/maps\/place\/Di+Gregorio\/@50.07632,8.2169911,13z\/data=!4m5!3m4!1s0x47bdbdc2633bdff7:0xa4131f5eb494ddd4!8m2!3d50.07632!4d8.25201\" target=\"_blank\" >\n\t\t\t\t\t\t\tAddress\t\t\t\t\t\t<\/a>\n\t\t\t\t\t<\/h3>\n\t\t\t\t\n\t\t\t\t\t\t\t\t\t<p class=\"elementor-icon-box-description\">\n\t\t\t\t\t\tFrankfurter Str. 36<br>65189 Wiesbaden\t\t\t\t\t<\/p>\n\t\t\t\t\n\t\t\t<\/div>\n\t\t\t\n\t\t<\/div>\n\t\t\t\t\t\t<\/div>\n\t\t\t\t<\/div>\n\t\t\t\t\t<\/div>\n\t\t<\/div>\n\t\t\t\t<div class=\"elementor-column elementor-col-33 elementor-inner-column elementor-element elementor-element-4dede5d0\" data-id=\"4dede5d0\" data-element_type=\"column\">\n\t\t\t<div class=\"elementor-widget-wrap elementor-element-populated\">\n\t\t\t\t\t\t<div class=\"elementor-element elementor-element-22c437ae elementor-view-framed elementor-shape-circle elementor-position-top elementor-mobile-position-top elementor-widget elementor-widget-icon-box\" data-id=\"22c437ae\" data-element_type=\"widget\" data-widget_type=\"icon-box.default\">\n\t\t\t\t<div class=\"elementor-widget-container\">\n\t\t\t\t\t\t\t<div class=\"elementor-icon-box-wrapper\">\n\n\t\t\t\t\t\t<div class=\"elementor-icon-box-icon\">\n\t\t\t\t<a href=\"#Lieferservice\" class=\"elementor-icon elementor-animation-\" tabindex=\"-1\">\n\t\t\t\t<i aria-hidden=\"true\" class=\"far fa-clock\"><\/i>\t\t\t\t<\/a>\n\t\t\t<\/div>\n\t\t\t\n\t\t\t\t\t\t<div class=\"elementor-icon-box-content\">\n\n\t\t\t\t\t\t\t\t\t<h3 class=\"elementor-icon-box-title\">\n\t\t\t\t\t\t<a href=\"#Lieferservice\" >\n\t\t\t\t\t\t\tLiefer-und Abholzeiten\t\t\t\t\t\t<\/a>\n\t\t\t\t\t<\/h3>\n\t\t\t\t\n\t\t\t\t\t\t\t\t\t<p class=\"elementor-icon-box-description\">\n\t\t\t\t\t\tMonday - Saturday 11:30 - 14:30<br>\nund 18.00 - 22.30 Uhr <br>     \n<b>Sunday closed<\/b>\t\t\t\t\t<\/p>\n\t\t\t\t\n\t\t\t<\/div>\n\t\t\t\n\t\t<\/div>\n\t\t\t\t\t\t<\/div>\n\t\t\t\t<\/div>\n\t\t\t\t\t<\/div>\n\t\t<\/div>\n\t\t\t\t<div class=\"elementor-column elementor-col-33 elementor-inner-column elementor-element elementor-element-415feadc\" data-id=\"415feadc\" data-element_type=\"column\">\n\t\t\t<div class=\"elementor-widget-wrap elementor-element-populated\">\n\t\t\t\t\t\t<div class=\"elementor-element elementor-element-3606ebb9 elementor-view-framed elementor-shape-circle elementor-position-top elementor-mobile-position-top elementor-widget elementor-widget-icon-box\" data-id=\"3606ebb9\" data-element_type=\"widget\" data-widget_type=\"icon-box.default\">\n\t\t\t\t<div class=\"elementor-widget-container\">\n\t\t\t\t\t\t\t<div class=\"elementor-icon-box-wrapper\">\n\n\t\t\t\t\t\t<div class=\"elementor-icon-box-icon\">\n\t\t\t\t<a href=\"mailto:reservierung@di-gregorio.de\" class=\"elementor-icon elementor-animation-\" tabindex=\"-1\">\n\t\t\t\t<i aria-hidden=\"true\" class=\"far fa-comment-dots\"><\/i>\t\t\t\t<\/a>\n\t\t\t<\/div>\n\t\t\t\n\t\t\t\t\t\t<div class=\"elementor-icon-box-content\">\n\n\t\t\t\t\t\t\t\t\t<h3 class=\"elementor-icon-box-title\">\n\t\t\t\t\t\t<a href=\"mailto:reservierung@di-gregorio.de\" >\n\t\t\t\t\t\t\tContact\t\t\t\t\t\t<\/a>\n\t\t\t\t\t<\/h3>\n\t\t\t\t\n\t\t\t\t\t\t\t\t\t<p class=\"elementor-icon-box-description\">\n\t\t\t\t\t\tYou can reach us within the opening hours<br>under the following phone number<br>0611 \/ 375 71 77<br>or by mail: <a href=\"mailto:reservierung@di-gregorio.de\">reservierung@di-gregorio.de<\/a>\t\t\t\t\t<\/p>\n\t\t\t\t\n\t\t\t<\/div>\n\t\t\t\n\t\t<\/div>\n\t\t\t\t\t\t<\/div>\n\t\t\t\t<\/div>\n\t\t\t\t\t<\/div>\n\t\t<\/div>\n\t\t\t\t\t<\/div>\n\t\t<\/section>\n\t\t\t\t\t<\/div>\n\t\t<\/div>\n\t\t\t\t\t<\/div>\n\t\t<\/section>\n\t\t\t\t<section class=\"elementor-section elementor-top-section elementor-element elementor-element-b20eec6 elementor-section-boxed elementor-section-height-default elementor-section-height-default\" data-id=\"b20eec6\" data-element_type=\"section\">\n\t\t\t\t\t\t<div class=\"elementor-container elementor-column-gap-default\">\n\t\t\t\t\t<div class=\"elementor-column elementor-col-100 elementor-top-column elementor-element elementor-element-42043b5c\" data-id=\"42043b5c\" data-element_type=\"column\">\n\t\t\t<div class=\"elementor-widget-wrap elementor-element-populated\">\n\t\t\t\t\t\t<div class=\"elementor-element elementor-element-deec1c1 elementor-widget elementor-widget-text-editor\" data-id=\"deec1c1\" data-element_type=\"widget\" data-widget_type=\"text-editor.default\">\n\t\t\t\t<div class=\"elementor-widget-container\">\n\t\t\t\t\t\t\t\t\t<p style=\"text-align: right;\"><a href=\"https:\/\/www.di-gregorio.de\/en\/impressum\/\">Impressum<\/a> &#8211; <a href=\"https:\/\/www.di-gregorio.de\/en\/datenschutzerklaerung\/\">Datenschutzerkl\u00e4rung<\/a><\/p>\t\t\t\t\t\t\t\t<\/div>\n\t\t\t\t<\/div>\n\t\t\t\t\t<\/div>\n\t\t<\/div>\n\t\t\t\t\t<\/div>\n\t\t<\/section>\n\t\t\t\t<\/div>","protected":false},"excerpt":{"rendered":"<p>Daniel Di GregorioRistorante Casa Di GregorioFrankfurter Str. 3665189 Wiesbaden Kontakt Telefon: +49 611 3757177E-Mail: info@di-gregorio.de Verbraucher\u00adstreit\u00adbeilegung\/Universal\u00adschlichtungs\u00adstelle Wir sind nicht bereit oder verpflichtet, an Streitbeilegungsverfahren vor einer Verbraucherschlichtungsstelle teilzunehmen. Haftung f\u00fcr Links Unser Angebot enth\u00e4lt Links zu externen Websites Dritter, auf deren Inhalte wir keinen Einfluss haben. Deshalb k\u00f6nnen wir f\u00fcr diese fremden Inhalte auch keine [&hellip;]<\/p>","protected":false},"author":1,"featured_media":0,"parent":0,"menu_order":0,"comment_status":"closed","ping_status":"closed","template":"","meta":{"footnotes":""},"class_list":["post-288","page","type-page","status-publish","hentry","entry"],"yoast_head":"<!-- This site is optimized with the Yoast SEO plugin v25.3.1 - https:\/\/yoast.com\/wordpress\/plugins\/seo\/ -->\n<title>Impressum - Ristorante Di Gregorio Classico Wiesbaden<\/title>\n<meta name=\"description\" content=\"Klassische italienische K\u00fcche mit traditionellen Fisch- und Fleischgerichten und ausgesuchten sizilianischen Spezialit\u00e4ten. Genie\u00dfen Sie italienisches Essen und Weine in h\u00f6chster Qualit\u00e4t.\" \/>\n<meta name=\"robots\" content=\"index, follow, max-snippet:-1, max-image-preview:large, max-video-preview:-1\" \/>\n<link rel=\"canonical\" href=\"https:\/\/www.di-gregorio.de\/en\/impressum\/\" \/>\n<meta property=\"og:locale\" content=\"en_GB\" \/>\n<meta property=\"og:type\" content=\"article\" \/>\n<meta property=\"og:title\" content=\"Impressum - Ristorante Di Gregorio Classico Wiesbaden\" \/>\n<meta property=\"og:description\" content=\"Klassische italienische K\u00fcche mit traditionellen Fisch- und Fleischgerichten und ausgesuchten sizilianischen Spezialit\u00e4ten. Genie\u00dfen Sie italienisches Essen und Weine in h\u00f6chster Qualit\u00e4t.\" \/>\n<meta property=\"og:url\" content=\"https:\/\/www.di-gregorio.de\/en\/impressum\/\" \/>\n<meta property=\"og:site_name\" content=\"Ristorante Di Gregorio Classico Wiesbaden\" \/>\n<meta property=\"article:modified_time\" content=\"2025-07-24T20:03:44+00:00\" \/>\n<meta name=\"twitter:card\" content=\"summary_large_image\" \/>\n<meta name=\"twitter:label1\" content=\"Estimated reading time\" \/>\n\t<meta name=\"twitter:data1\" content=\"2 minutes\" \/>\n<script type=\"application\/ld+json\" class=\"yoast-schema-graph\">{\"@context\":\"https:\/\/schema.org\",\"@graph\":[{\"@type\":\"WebPage\",\"@id\":\"https:\/\/www.di-gregorio.de\/impressum\/\",\"url\":\"https:\/\/www.di-gregorio.de\/impressum\/\",\"name\":\"Impressum - Ristorante Di Gregorio Classico Wiesbaden\",\"isPartOf\":{\"@id\":\"https:\/\/www.di-gregorio.de\/#website\"},\"datePublished\":\"2020-03-29T08:38:33+00:00\",\"dateModified\":\"2025-07-24T20:03:44+00:00\",\"description\":\"Klassische italienische K\u00fcche mit traditionellen Fisch- und Fleischgerichten und ausgesuchten sizilianischen Spezialit\u00e4ten. Genie\u00dfen Sie italienisches Essen und Weine in h\u00f6chster Qualit\u00e4t.\",\"breadcrumb\":{\"@id\":\"https:\/\/www.di-gregorio.de\/impressum\/#breadcrumb\"},\"inLanguage\":\"en-GB\",\"potentialAction\":[{\"@type\":\"ReadAction\",\"target\":[\"https:\/\/www.di-gregorio.de\/impressum\/\"]}]},{\"@type\":\"BreadcrumbList\",\"@id\":\"https:\/\/www.di-gregorio.de\/impressum\/#breadcrumb\",\"itemListElement\":[{\"@type\":\"ListItem\",\"position\":1,\"name\":\"Startseite\",\"item\":\"https:\/\/www.di-gregorio.de\/\"},{\"@type\":\"ListItem\",\"position\":2,\"name\":\"Impressum\"}]},{\"@type\":\"WebSite\",\"@id\":\"https:\/\/www.di-gregorio.de\/#website\",\"url\":\"https:\/\/www.di-gregorio.de\/\",\"name\":\"Ristorante Di Gregorio Classico Wiesbaden\",\"description\":\"\",\"publisher\":{\"@id\":\"https:\/\/www.di-gregorio.de\/#organization\"},\"potentialAction\":[{\"@type\":\"SearchAction\",\"target\":{\"@type\":\"EntryPoint\",\"urlTemplate\":\"https:\/\/www.di-gregorio.de\/?s={search_term_string}\"},\"query-input\":{\"@type\":\"PropertyValueSpecification\",\"valueRequired\":true,\"valueName\":\"search_term_string\"}}],\"inLanguage\":\"en-GB\"},{\"@type\":\"Organization\",\"@id\":\"https:\/\/www.di-gregorio.de\/#organization\",\"name\":\"Ristorante Di Gregorio\",\"url\":\"https:\/\/www.di-gregorio.de\/\",\"logo\":{\"@type\":\"ImageObject\",\"inLanguage\":\"en-GB\",\"@id\":\"https:\/\/www.di-gregorio.de\/#\/schema\/logo\/image\/\",\"url\":\"https:\/\/www.di-gregorio.de\/wp-content\/uploads\/2020\/03\/Logo_gross.png\",\"contentUrl\":\"https:\/\/www.di-gregorio.de\/wp-content\/uploads\/2020\/03\/Logo_gross.png\",\"width\":444,\"height\":208,\"caption\":\"Ristorante Di Gregorio\"},\"image\":{\"@id\":\"https:\/\/www.di-gregorio.de\/#\/schema\/logo\/image\/\"}}]}<\/script>\n<!-- \/ Yoast SEO plugin. -->","yoast_head_json":{"title":"Impressum - Ristorante Di Gregorio Classico Wiesbaden","description":"Klassische italienische K\u00fcche mit traditionellen Fisch- und Fleischgerichten und ausgesuchten sizilianischen Spezialit\u00e4ten. Genie\u00dfen Sie italienisches Essen und Weine in h\u00f6chster Qualit\u00e4t.","robots":{"index":"index","follow":"follow","max-snippet":"max-snippet:-1","max-image-preview":"max-image-preview:large","max-video-preview":"max-video-preview:-1"},"canonical":"https:\/\/www.di-gregorio.de\/en\/impressum\/","og_locale":"en_GB","og_type":"article","og_title":"Impressum - Ristorante Di Gregorio Classico Wiesbaden","og_description":"Klassische italienische K\u00fcche mit traditionellen Fisch- und Fleischgerichten und ausgesuchten sizilianischen Spezialit\u00e4ten. Genie\u00dfen Sie italienisches Essen und Weine in h\u00f6chster Qualit\u00e4t.","og_url":"https:\/\/www.di-gregorio.de\/en\/impressum\/","og_site_name":"Ristorante Di Gregorio Classico Wiesbaden","article_modified_time":"2025-07-24T20:03:44+00:00","twitter_card":"summary_large_image","twitter_misc":{"Estimated reading time":"2 minutes"},"schema":{"@context":"https:\/\/schema.org","@graph":[{"@type":"WebPage","@id":"https:\/\/www.di-gregorio.de\/impressum\/","url":"https:\/\/www.di-gregorio.de\/impressum\/","name":"Impressum - Ristorante Di Gregorio Classico Wiesbaden","isPartOf":{"@id":"https:\/\/www.di-gregorio.de\/#website"},"datePublished":"2020-03-29T08:38:33+00:00","dateModified":"2025-07-24T20:03:44+00:00","description":"Klassische italienische K\u00fcche mit traditionellen Fisch- und Fleischgerichten und ausgesuchten sizilianischen Spezialit\u00e4ten. Genie\u00dfen Sie italienisches Essen und Weine in h\u00f6chster Qualit\u00e4t.","breadcrumb":{"@id":"https:\/\/www.di-gregorio.de\/impressum\/#breadcrumb"},"inLanguage":"en-GB","potentialAction":[{"@type":"ReadAction","target":["https:\/\/www.di-gregorio.de\/impressum\/"]}]},{"@type":"BreadcrumbList","@id":"https:\/\/www.di-gregorio.de\/impressum\/#breadcrumb","itemListElement":[{"@type":"ListItem","position":1,"name":"Startseite","item":"https:\/\/www.di-gregorio.de\/"},{"@type":"ListItem","position":2,"name":"Impressum"}]},{"@type":"WebSite","@id":"https:\/\/www.di-gregorio.de\/#website","url":"https:\/\/www.di-gregorio.de\/","name":"Ristorante Di Gregorio Classico Wiesbaden","description":"","publisher":{"@id":"https:\/\/www.di-gregorio.de\/#organization"},"potentialAction":[{"@type":"SearchAction","target":{"@type":"EntryPoint","urlTemplate":"https:\/\/www.di-gregorio.de\/?s={search_term_string}"},"query-input":{"@type":"PropertyValueSpecification","valueRequired":true,"valueName":"search_term_string"}}],"inLanguage":"en-GB"},{"@type":"Organization","@id":"https:\/\/www.di-gregorio.de\/#organization","name":"Ristorante Di Gregorio","url":"https:\/\/www.di-gregorio.de\/","logo":{"@type":"ImageObject","inLanguage":"en-GB","@id":"https:\/\/www.di-gregorio.de\/#\/schema\/logo\/image\/","url":"https:\/\/www.di-gregorio.de\/wp-content\/uploads\/2020\/03\/Logo_gross.png","contentUrl":"https:\/\/www.di-gregorio.de\/wp-content\/uploads\/2020\/03\/Logo_gross.png","width":444,"height":208,"caption":"Ristorante Di Gregorio"},"image":{"@id":"https:\/\/www.di-gregorio.de\/#\/schema\/logo\/image\/"}}]}},"jetpack_sharing_enabled":true,"_links":{"self":[{"href":"https:\/\/www.di-gregorio.de\/en\/wp-json\/wp\/v2\/pages\/288","targetHints":{"allow":["GET"]}}],"collection":[{"href":"https:\/\/www.di-gregorio.de\/en\/wp-json\/wp\/v2\/pages"}],"about":[{"href":"https:\/\/www.di-gregorio.de\/en\/wp-json\/wp\/v2\/types\/page"}],"author":[{"embeddable":true,"href":"https:\/\/www.di-gregorio.de\/en\/wp-json\/wp\/v2\/users\/1"}],"replies":[{"embeddable":true,"href":"https:\/\/www.di-gregorio.de\/en\/wp-json\/wp\/v2\/comments?post=288"}],"version-history":[{"count":14,"href":"https:\/\/www.di-gregorio.de\/en\/wp-json\/wp\/v2\/pages\/288\/revisions"}],"predecessor-version":[{"id":4013,"href":"https:\/\/www.di-gregorio.de\/en\/wp-json\/wp\/v2\/pages\/288\/revisions\/4013"}],"wp:attachment":[{"href":"https:\/\/www.di-gregorio.de\/en\/wp-json\/wp\/v2\/media?parent=288"}],"curies":[{"name":"wp","href":"https:\/\/api.w.org\/{rel}","templated":true}]}}